{"id":6613,"date":"2019-11-08T00:49:18","date_gmt":"2019-11-07T23:49:18","guid":{"rendered":"https:\/\/www.makroudhkairouan.tn\/?post_type=product&#038;p=6613"},"modified":"2026-02-07T02:07:59","modified_gmt":"2026-02-07T01:07:59","slug":"makroudh-diari-noisettes-huile-dolive-et-sman","status":"publish","type":"product","link":"https:\/\/www.makroudhkairouan.tn\/index.php\/produit\/makroudh-diari-noisettes-huile-dolive-et-sman\/","title":{"rendered":"Makroudh Diari Noisettes Huile d&rsquo;olive et Sman"},"content":{"rendered":"<p>Makroudh Diari Noisettes Huile d&rsquo;olive et Sman<\/p>\n","protected":false},"excerpt":{"rendered":"<p>1 KG<\/p>\n","protected":false},"featured_media":6614,"comment_status":"closed","ping_status":"closed","template":"","meta":{"spay_email":""},"product_cat":[39],"product_tag":[],"yoast_head":"<!-- This site is optimized with the Yoast SEO plugin v18.1 - https:\/\/yoast.com\/wordpress\/plugins\/seo\/ -->\n<title>Makroudh Diari Noisettes Huile d&#039;olive et Sman - Makroudh Kairouan \u00e0 Domicile<\/title>\n<meta name=\"description\" content=\"Makroudh Diari Noisettes Huile d&#039;olive et Sman ghi\" \/>\n<meta name=\"robots\" content=\"index, follow, max-snippet:-1, max-image-preview:large, max-video-preview:-1\" \/>\n<link rel=\"canonical\" href=\"https:\/\/www.makroudhkairouan.tn\/index.php\/produit\/makroudh-diari-noisettes-huile-dolive-et-sman\/\" \/>\n<meta property=\"og:locale\" content=\"fr_FR\" \/>\n<meta property=\"og:type\" content=\"article\" \/>\n<meta property=\"og:title\" content=\"Makroudh Diari Noisettes Huile d&#039;olive et Sman - Makroudh Kairouan \u00e0 Domicile\" \/>\n<meta property=\"og:description\" content=\"Makroudh Diari Noisettes Huile d&#039;olive et Sman ghi\" \/>\n<meta property=\"og:url\" content=\"https:\/\/www.makroudhkairouan.tn\/index.php\/produit\/makroudh-diari-noisettes-huile-dolive-et-sman\/\" \/>\n<meta property=\"og:site_name\" content=\"Makroudh Kairouan \u00e0 Domicile\" \/>\n<meta property=\"article:modified_time\" content=\"2026-02-07T01:07:59+00:00\" \/>\n<meta property=\"og:image\" content=\"https:\/\/www.makroudhkairouan.tn\/wp-content\/uploads\/2019\/11\/noisettes-diari-26.jpg\" \/>\n\t<meta property=\"og:image:width\" content=\"3739\" \/>\n\t<meta property=\"og:image:height\" content=\"2577\" \/>\n\t<meta property=\"og:image:type\" content=\"image\/jpeg\" \/>\n<meta name=\"twitter:card\" content=\"summary_large_image\" \/>\n<script type=\"application\/ld+json\" class=\"yoast-schema-graph\">{\"@context\":\"https:\/\/schema.org\",\"@graph\":[{\"@type\":\"Organization\",\"@id\":\"https:\/\/www.makroudhkairouan.tn\/#organization\",\"name\":\"Makroudh Kairouan \u00e0 Domicile\",\"url\":\"https:\/\/www.makroudhkairouan.tn\/\",\"sameAs\":[],\"logo\":{\"@type\":\"ImageObject\",\"@id\":\"https:\/\/www.makroudhkairouan.tn\/#logo\",\"inLanguage\":\"fr-FR\",\"url\":\"https:\/\/www.makroudhkairouan.tn\/wp-content\/uploads\/2019\/05\/test2.png\",\"contentUrl\":\"https:\/\/www.makroudhkairouan.tn\/wp-content\/uploads\/2019\/05\/test2.png\",\"width\":320,\"height\":320,\"caption\":\"Makroudh Kairouan \u00e0 Domicile\"},\"image\":{\"@id\":\"https:\/\/www.makroudhkairouan.tn\/#logo\"}},{\"@type\":\"WebSite\",\"@id\":\"https:\/\/www.makroudhkairouan.tn\/#website\",\"url\":\"https:\/\/www.makroudhkairouan.tn\/\",\"name\":\"Makroudh Kairouan \u00e0 Domicile\",\"description\":\"Vente en ligne de Makroudh qualit\u00e9 de Kairouan \u00e0 Domicile en Tunisie\",\"publisher\":{\"@id\":\"https:\/\/www.makroudhkairouan.tn\/#organization\"},\"potentialAction\":[{\"@type\":\"SearchAction\",\"target\":{\"@type\":\"EntryPoint\",\"urlTemplate\":\"https:\/\/www.makroudhkairouan.tn\/?s={search_term_string}\"},\"query-input\":\"required name=search_term_string\"}],\"inLanguage\":\"fr-FR\"},{\"@type\":\"ImageObject\",\"@id\":\"https:\/\/www.makroudhkairouan.tn\/index.php\/produit\/makroudh-diari-noisettes-huile-dolive-et-sman\/#primaryimage\",\"inLanguage\":\"fr-FR\",\"url\":\"https:\/\/www.makroudhkairouan.tn\/wp-content\/uploads\/2019\/11\/noisettes-diari-26.jpg\",\"contentUrl\":\"https:\/\/www.makroudhkairouan.tn\/wp-content\/uploads\/2019\/11\/noisettes-diari-26.jpg\",\"width\":3739,\"height\":2577,\"caption\":\"Makroudh Diari noisettes\"},{\"@type\":\"WebPage\",\"@id\":\"https:\/\/www.makroudhkairouan.tn\/index.php\/produit\/makroudh-diari-noisettes-huile-dolive-et-sman\/#webpage\",\"url\":\"https:\/\/www.makroudhkairouan.tn\/index.php\/produit\/makroudh-diari-noisettes-huile-dolive-et-sman\/\",\"name\":\"Makroudh Diari Noisettes Huile d'olive et Sman - Makroudh Kairouan \u00e0 Domicile\",\"isPartOf\":{\"@id\":\"https:\/\/www.makroudhkairouan.tn\/#website\"},\"primaryImageOfPage\":{\"@id\":\"https:\/\/www.makroudhkairouan.tn\/index.php\/produit\/makroudh-diari-noisettes-huile-dolive-et-sman\/#primaryimage\"},\"datePublished\":\"2019-11-07T23:49:18+00:00\",\"dateModified\":\"2026-02-07T01:07:59+00:00\",\"description\":\"Makroudh Diari Noisettes Huile d'olive et Sman ghi\",\"breadcrumb\":{\"@id\":\"https:\/\/www.makroudhkairouan.tn\/index.php\/produit\/makroudh-diari-noisettes-huile-dolive-et-sman\/#breadcrumb\"},\"inLanguage\":\"fr-FR\",\"potentialAction\":[{\"@type\":\"ReadAction\",\"target\":[\"https:\/\/www.makroudhkairouan.tn\/index.php\/produit\/makroudh-diari-noisettes-huile-dolive-et-sman\/\"]}]},{\"@type\":\"BreadcrumbList\",\"@id\":\"https:\/\/www.makroudhkairouan.tn\/index.php\/produit\/makroudh-diari-noisettes-huile-dolive-et-sman\/#breadcrumb\",\"itemListElement\":[{\"@type\":\"ListItem\",\"position\":1,\"name\":\"Accueil\",\"item\":\"https:\/\/www.makroudhkairouan.tn\/\"},{\"@type\":\"ListItem\",\"position\":2,\"name\":\"La Boutique makroudh\",\"item\":\"https:\/\/www.makroudhkairouan.tn\/index.php\/boutique\/\"},{\"@type\":\"ListItem\",\"position\":3,\"name\":\"Makroudh Diari Noisettes Huile d&rsquo;olive et Sman\"}]}]}<\/script>\n<!-- \/ Yoast SEO plugin. -->","yoast_head_json":{"title":"Makroudh Diari Noisettes Huile d'olive et Sman - Makroudh Kairouan \u00e0 Domicile","description":"Makroudh Diari Noisettes Huile d'olive et Sman ghi","robots":{"index":"index","follow":"follow","max-snippet":"max-snippet:-1","max-image-preview":"max-image-preview:large","max-video-preview":"max-video-preview:-1"},"canonical":"https:\/\/www.makroudhkairouan.tn\/index.php\/produit\/makroudh-diari-noisettes-huile-dolive-et-sman\/","og_locale":"fr_FR","og_type":"article","og_title":"Makroudh Diari Noisettes Huile d'olive et Sman - Makroudh Kairouan \u00e0 Domicile","og_description":"Makroudh Diari Noisettes Huile d'olive et Sman ghi","og_url":"https:\/\/www.makroudhkairouan.tn\/index.php\/produit\/makroudh-diari-noisettes-huile-dolive-et-sman\/","og_site_name":"Makroudh Kairouan \u00e0 Domicile","article_modified_time":"2026-02-07T01:07:59+00:00","og_image":[{"width":3739,"height":2577,"url":"https:\/\/www.makroudhkairouan.tn\/wp-content\/uploads\/2019\/11\/noisettes-diari-26.jpg","type":"image\/jpeg"}],"twitter_card":"summary_large_image","schema":{"@context":"https:\/\/schema.org","@graph":[{"@type":"Organization","@id":"https:\/\/www.makroudhkairouan.tn\/#organization","name":"Makroudh Kairouan \u00e0 Domicile","url":"https:\/\/www.makroudhkairouan.tn\/","sameAs":[],"logo":{"@type":"ImageObject","@id":"https:\/\/www.makroudhkairouan.tn\/#logo","inLanguage":"fr-FR","url":"https:\/\/www.makroudhkairouan.tn\/wp-content\/uploads\/2019\/05\/test2.png","contentUrl":"https:\/\/www.makroudhkairouan.tn\/wp-content\/uploads\/2019\/05\/test2.png","width":320,"height":320,"caption":"Makroudh Kairouan \u00e0 Domicile"},"image":{"@id":"https:\/\/www.makroudhkairouan.tn\/#logo"}},{"@type":"WebSite","@id":"https:\/\/www.makroudhkairouan.tn\/#website","url":"https:\/\/www.makroudhkairouan.tn\/","name":"Makroudh Kairouan \u00e0 Domicile","description":"Vente en ligne de Makroudh qualit\u00e9 de Kairouan \u00e0 Domicile en Tunisie","publisher":{"@id":"https:\/\/www.makroudhkairouan.tn\/#organization"},"potentialAction":[{"@type":"SearchAction","target":{"@type":"EntryPoint","urlTemplate":"https:\/\/www.makroudhkairouan.tn\/?s={search_term_string}"},"query-input":"required name=search_term_string"}],"inLanguage":"fr-FR"},{"@type":"ImageObject","@id":"https:\/\/www.makroudhkairouan.tn\/index.php\/produit\/makroudh-diari-noisettes-huile-dolive-et-sman\/#primaryimage","inLanguage":"fr-FR","url":"https:\/\/www.makroudhkairouan.tn\/wp-content\/uploads\/2019\/11\/noisettes-diari-26.jpg","contentUrl":"https:\/\/www.makroudhkairouan.tn\/wp-content\/uploads\/2019\/11\/noisettes-diari-26.jpg","width":3739,"height":2577,"caption":"Makroudh Diari noisettes"},{"@type":"WebPage","@id":"https:\/\/www.makroudhkairouan.tn\/index.php\/produit\/makroudh-diari-noisettes-huile-dolive-et-sman\/#webpage","url":"https:\/\/www.makroudhkairouan.tn\/index.php\/produit\/makroudh-diari-noisettes-huile-dolive-et-sman\/","name":"Makroudh Diari Noisettes Huile d'olive et Sman - Makroudh Kairouan \u00e0 Domicile","isPartOf":{"@id":"https:\/\/www.makroudhkairouan.tn\/#website"},"primaryImageOfPage":{"@id":"https:\/\/www.makroudhkairouan.tn\/index.php\/produit\/makroudh-diari-noisettes-huile-dolive-et-sman\/#primaryimage"},"datePublished":"2019-11-07T23:49:18+00:00","dateModified":"2026-02-07T01:07:59+00:00","description":"Makroudh Diari Noisettes Huile d'olive et Sman ghi","breadcrumb":{"@id":"https:\/\/www.makroudhkairouan.tn\/index.php\/produit\/makroudh-diari-noisettes-huile-dolive-et-sman\/#breadcrumb"},"inLanguage":"fr-FR","potentialAction":[{"@type":"ReadAction","target":["https:\/\/www.makroudhkairouan.tn\/index.php\/produit\/makroudh-diari-noisettes-huile-dolive-et-sman\/"]}]},{"@type":"BreadcrumbList","@id":"https:\/\/www.makroudhkairouan.tn\/index.php\/produit\/makroudh-diari-noisettes-huile-dolive-et-sman\/#breadcrumb","itemListElement":[{"@type":"ListItem","position":1,"name":"Accueil","item":"https:\/\/www.makroudhkairouan.tn\/"},{"@type":"ListItem","position":2,"name":"La Boutique makroudh","item":"https:\/\/www.makroudhkairouan.tn\/index.php\/boutique\/"},{"@type":"ListItem","position":3,"name":"Makroudh Diari Noisettes Huile d&rsquo;olive et Sman"}]}]}},"_links":{"self":[{"href":"https:\/\/www.makroudhkairouan.tn\/index.php\/wp-json\/wp\/v2\/product\/6613"}],"collection":[{"href":"https:\/\/www.makroudhkairouan.tn\/index.php\/wp-json\/wp\/v2\/product"}],"about":[{"href":"https:\/\/www.makroudhkairouan.tn\/index.php\/wp-json\/wp\/v2\/types\/product"}],"replies":[{"embeddable":true,"href":"https:\/\/www.makroudhkairouan.tn\/index.php\/wp-json\/wp\/v2\/comments?post=6613"}],"wp:featuredmedia":[{"embeddable":true,"href":"https:\/\/www.makroudhkairouan.tn\/index.php\/wp-json\/wp\/v2\/media\/6614"}],"wp:attachment":[{"href":"https:\/\/www.makroudhkairouan.tn\/index.php\/wp-json\/wp\/v2\/media?parent=6613"}],"wp:term":[{"taxonomy":"product_cat","embeddable":true,"href":"https:\/\/www.makroudhkairouan.tn\/index.php\/wp-json\/wp\/v2\/product_cat?post=6613"},{"taxonomy":"product_tag","embeddable":true,"href":"https:\/\/www.makroudhkairouan.tn\/index.php\/wp-json\/wp\/v2\/product_tag?post=6613"}],"curies":[{"name":"wp","href":"https:\/\/api.w.org\/{rel}","templated":true}]}}