{"id":3395,"date":"2019-08-24T12:20:48","date_gmt":"2019-08-24T11:20:48","guid":{"rendered":"https:\/\/www.makroudhkairouan.tn\/?post_type=product&#038;p=3395"},"modified":"2023-12-07T00:27:29","modified_gmt":"2023-12-06T23:27:29","slug":"kaak-four-dattes-sucre","status":"publish","type":"product","link":"https:\/\/www.makroudhkairouan.tn\/index.php\/produit\/kaak-four-dattes-sucre\/","title":{"rendered":"Kaak Four Dattes Sucr\u00e9"},"content":{"rendered":"<p>Kaak de ayem zmen cuit au four avec dattes et semoule<\/p>\n","protected":false},"excerpt":{"rendered":"<p>1 KG<\/p>\n","protected":false},"featured_media":3397,"comment_status":"closed","ping_status":"closed","template":"","meta":{"spay_email":""},"product_cat":[56],"product_tag":[],"yoast_head":"<!-- This site is optimized with the Yoast SEO plugin v18.1 - https:\/\/yoast.com\/wordpress\/plugins\/seo\/ -->\n<title>Kaak Four Dattes Sucr\u00e9 - Makroudh Kairouan \u00e0 Domicile<\/title>\n<meta name=\"description\" content=\"Kaak de ayem zmen cuit au four avec dattes et semoule\" \/>\n<meta name=\"robots\" content=\"index, follow, max-snippet:-1, max-image-preview:large, max-video-preview:-1\" \/>\n<link rel=\"canonical\" href=\"https:\/\/www.makroudhkairouan.tn\/index.php\/produit\/kaak-four-dattes-sucre\/\" \/>\n<meta property=\"og:locale\" content=\"fr_FR\" \/>\n<meta property=\"og:type\" content=\"article\" \/>\n<meta property=\"og:title\" content=\"Kaak Four Dattes Sucr\u00e9 - Makroudh Kairouan \u00e0 Domicile\" \/>\n<meta property=\"og:description\" content=\"Kaak de ayem zmen cuit au four avec dattes et semoule\" \/>\n<meta property=\"og:url\" content=\"https:\/\/www.makroudhkairouan.tn\/index.php\/produit\/kaak-four-dattes-sucre\/\" \/>\n<meta property=\"og:site_name\" content=\"Makroudh Kairouan \u00e0 Domicile\" \/>\n<meta property=\"article:modified_time\" content=\"2023-12-06T23:27:29+00:00\" \/>\n<meta property=\"og:image\" content=\"https:\/\/www.makroudhkairouan.tn\/wp-content\/uploads\/2019\/08\/kaak-dattes-sucr\u00e9-576x1024.jpg\" \/>\n\t<meta property=\"og:image:width\" content=\"576\" \/>\n\t<meta property=\"og:image:height\" content=\"1024\" \/>\n\t<meta property=\"og:image:type\" content=\"image\/jpeg\" \/>\n<meta name=\"twitter:card\" content=\"summary_large_image\" \/>\n<script type=\"application\/ld+json\" class=\"yoast-schema-graph\">{\"@context\":\"https:\/\/schema.org\",\"@graph\":[{\"@type\":\"Organization\",\"@id\":\"https:\/\/www.makroudhkairouan.tn\/#organization\",\"name\":\"Makroudh Kairouan \u00e0 Domicile\",\"url\":\"https:\/\/www.makroudhkairouan.tn\/\",\"sameAs\":[],\"logo\":{\"@type\":\"ImageObject\",\"@id\":\"https:\/\/www.makroudhkairouan.tn\/#logo\",\"inLanguage\":\"fr-FR\",\"url\":\"https:\/\/www.makroudhkairouan.tn\/wp-content\/uploads\/2019\/05\/test2.png\",\"contentUrl\":\"https:\/\/www.makroudhkairouan.tn\/wp-content\/uploads\/2019\/05\/test2.png\",\"width\":320,\"height\":320,\"caption\":\"Makroudh Kairouan \u00e0 Domicile\"},\"image\":{\"@id\":\"https:\/\/www.makroudhkairouan.tn\/#logo\"}},{\"@type\":\"WebSite\",\"@id\":\"https:\/\/www.makroudhkairouan.tn\/#website\",\"url\":\"https:\/\/www.makroudhkairouan.tn\/\",\"name\":\"Makroudh Kairouan \u00e0 Domicile\",\"description\":\"Vente en ligne de Makroudh qualit\u00e9 de Kairouan \u00e0 Domicile en Tunisie\",\"publisher\":{\"@id\":\"https:\/\/www.makroudhkairouan.tn\/#organization\"},\"potentialAction\":[{\"@type\":\"SearchAction\",\"target\":{\"@type\":\"EntryPoint\",\"urlTemplate\":\"https:\/\/www.makroudhkairouan.tn\/?s={search_term_string}\"},\"query-input\":\"required name=search_term_string\"}],\"inLanguage\":\"fr-FR\"},{\"@type\":\"ImageObject\",\"@id\":\"https:\/\/www.makroudhkairouan.tn\/index.php\/produit\/kaak-four-dattes-sucre\/#primaryimage\",\"inLanguage\":\"fr-FR\",\"url\":\"https:\/\/www.makroudhkairouan.tn\/wp-content\/uploads\/2019\/08\/kaak-dattes-sucr\u00e9.jpg\",\"contentUrl\":\"https:\/\/www.makroudhkairouan.tn\/wp-content\/uploads\/2019\/08\/kaak-dattes-sucr\u00e9.jpg\",\"width\":3024,\"height\":5376,\"caption\":\"kaak four dattes\"},{\"@type\":\"WebPage\",\"@id\":\"https:\/\/www.makroudhkairouan.tn\/index.php\/produit\/kaak-four-dattes-sucre\/#webpage\",\"url\":\"https:\/\/www.makroudhkairouan.tn\/index.php\/produit\/kaak-four-dattes-sucre\/\",\"name\":\"Kaak Four Dattes Sucr\u00e9 - Makroudh Kairouan \u00e0 Domicile\",\"isPartOf\":{\"@id\":\"https:\/\/www.makroudhkairouan.tn\/#website\"},\"primaryImageOfPage\":{\"@id\":\"https:\/\/www.makroudhkairouan.tn\/index.php\/produit\/kaak-four-dattes-sucre\/#primaryimage\"},\"datePublished\":\"2019-08-24T11:20:48+00:00\",\"dateModified\":\"2023-12-06T23:27:29+00:00\",\"description\":\"Kaak de ayem zmen cuit au four avec dattes et semoule\",\"breadcrumb\":{\"@id\":\"https:\/\/www.makroudhkairouan.tn\/index.php\/produit\/kaak-four-dattes-sucre\/#breadcrumb\"},\"inLanguage\":\"fr-FR\",\"potentialAction\":[{\"@type\":\"ReadAction\",\"target\":[\"https:\/\/www.makroudhkairouan.tn\/index.php\/produit\/kaak-four-dattes-sucre\/\"]}]},{\"@type\":\"BreadcrumbList\",\"@id\":\"https:\/\/www.makroudhkairouan.tn\/index.php\/produit\/kaak-four-dattes-sucre\/#breadcrumb\",\"itemListElement\":[{\"@type\":\"ListItem\",\"position\":1,\"name\":\"Accueil\",\"item\":\"https:\/\/www.makroudhkairouan.tn\/\"},{\"@type\":\"ListItem\",\"position\":2,\"name\":\"La Boutique makroudh\",\"item\":\"https:\/\/www.makroudhkairouan.tn\/index.php\/boutique\/\"},{\"@type\":\"ListItem\",\"position\":3,\"name\":\"Kaak Four Dattes Sucr\u00e9\"}]}]}<\/script>\n<!-- \/ Yoast SEO plugin. -->","yoast_head_json":{"title":"Kaak Four Dattes Sucr\u00e9 - Makroudh Kairouan \u00e0 Domicile","description":"Kaak de ayem zmen cuit au four avec dattes et semoule","robots":{"index":"index","follow":"follow","max-snippet":"max-snippet:-1","max-image-preview":"max-image-preview:large","max-video-preview":"max-video-preview:-1"},"canonical":"https:\/\/www.makroudhkairouan.tn\/index.php\/produit\/kaak-four-dattes-sucre\/","og_locale":"fr_FR","og_type":"article","og_title":"Kaak Four Dattes Sucr\u00e9 - Makroudh Kairouan \u00e0 Domicile","og_description":"Kaak de ayem zmen cuit au four avec dattes et semoule","og_url":"https:\/\/www.makroudhkairouan.tn\/index.php\/produit\/kaak-four-dattes-sucre\/","og_site_name":"Makroudh Kairouan \u00e0 Domicile","article_modified_time":"2023-12-06T23:27:29+00:00","og_image":[{"width":576,"height":1024,"url":"https:\/\/www.makroudhkairouan.tn\/wp-content\/uploads\/2019\/08\/kaak-dattes-sucr\u00e9-576x1024.jpg","type":"image\/jpeg"}],"twitter_card":"summary_large_image","schema":{"@context":"https:\/\/schema.org","@graph":[{"@type":"Organization","@id":"https:\/\/www.makroudhkairouan.tn\/#organization","name":"Makroudh Kairouan \u00e0 Domicile","url":"https:\/\/www.makroudhkairouan.tn\/","sameAs":[],"logo":{"@type":"ImageObject","@id":"https:\/\/www.makroudhkairouan.tn\/#logo","inLanguage":"fr-FR","url":"https:\/\/www.makroudhkairouan.tn\/wp-content\/uploads\/2019\/05\/test2.png","contentUrl":"https:\/\/www.makroudhkairouan.tn\/wp-content\/uploads\/2019\/05\/test2.png","width":320,"height":320,"caption":"Makroudh Kairouan \u00e0 Domicile"},"image":{"@id":"https:\/\/www.makroudhkairouan.tn\/#logo"}},{"@type":"WebSite","@id":"https:\/\/www.makroudhkairouan.tn\/#website","url":"https:\/\/www.makroudhkairouan.tn\/","name":"Makroudh Kairouan \u00e0 Domicile","description":"Vente en ligne de Makroudh qualit\u00e9 de Kairouan \u00e0 Domicile en Tunisie","publisher":{"@id":"https:\/\/www.makroudhkairouan.tn\/#organization"},"potentialAction":[{"@type":"SearchAction","target":{"@type":"EntryPoint","urlTemplate":"https:\/\/www.makroudhkairouan.tn\/?s={search_term_string}"},"query-input":"required name=search_term_string"}],"inLanguage":"fr-FR"},{"@type":"ImageObject","@id":"https:\/\/www.makroudhkairouan.tn\/index.php\/produit\/kaak-four-dattes-sucre\/#primaryimage","inLanguage":"fr-FR","url":"https:\/\/www.makroudhkairouan.tn\/wp-content\/uploads\/2019\/08\/kaak-dattes-sucr\u00e9.jpg","contentUrl":"https:\/\/www.makroudhkairouan.tn\/wp-content\/uploads\/2019\/08\/kaak-dattes-sucr\u00e9.jpg","width":3024,"height":5376,"caption":"kaak four dattes"},{"@type":"WebPage","@id":"https:\/\/www.makroudhkairouan.tn\/index.php\/produit\/kaak-four-dattes-sucre\/#webpage","url":"https:\/\/www.makroudhkairouan.tn\/index.php\/produit\/kaak-four-dattes-sucre\/","name":"Kaak Four Dattes Sucr\u00e9 - Makroudh Kairouan \u00e0 Domicile","isPartOf":{"@id":"https:\/\/www.makroudhkairouan.tn\/#website"},"primaryImageOfPage":{"@id":"https:\/\/www.makroudhkairouan.tn\/index.php\/produit\/kaak-four-dattes-sucre\/#primaryimage"},"datePublished":"2019-08-24T11:20:48+00:00","dateModified":"2023-12-06T23:27:29+00:00","description":"Kaak de ayem zmen cuit au four avec dattes et semoule","breadcrumb":{"@id":"https:\/\/www.makroudhkairouan.tn\/index.php\/produit\/kaak-four-dattes-sucre\/#breadcrumb"},"inLanguage":"fr-FR","potentialAction":[{"@type":"ReadAction","target":["https:\/\/www.makroudhkairouan.tn\/index.php\/produit\/kaak-four-dattes-sucre\/"]}]},{"@type":"BreadcrumbList","@id":"https:\/\/www.makroudhkairouan.tn\/index.php\/produit\/kaak-four-dattes-sucre\/#breadcrumb","itemListElement":[{"@type":"ListItem","position":1,"name":"Accueil","item":"https:\/\/www.makroudhkairouan.tn\/"},{"@type":"ListItem","position":2,"name":"La Boutique makroudh","item":"https:\/\/www.makroudhkairouan.tn\/index.php\/boutique\/"},{"@type":"ListItem","position":3,"name":"Kaak Four Dattes Sucr\u00e9"}]}]}},"_links":{"self":[{"href":"https:\/\/www.makroudhkairouan.tn\/index.php\/wp-json\/wp\/v2\/product\/3395"}],"collection":[{"href":"https:\/\/www.makroudhkairouan.tn\/index.php\/wp-json\/wp\/v2\/product"}],"about":[{"href":"https:\/\/www.makroudhkairouan.tn\/index.php\/wp-json\/wp\/v2\/types\/product"}],"replies":[{"embeddable":true,"href":"https:\/\/www.makroudhkairouan.tn\/index.php\/wp-json\/wp\/v2\/comments?post=3395"}],"wp:featuredmedia":[{"embeddable":true,"href":"https:\/\/www.makroudhkairouan.tn\/index.php\/wp-json\/wp\/v2\/media\/3397"}],"wp:attachment":[{"href":"https:\/\/www.makroudhkairouan.tn\/index.php\/wp-json\/wp\/v2\/media?parent=3395"}],"wp:term":[{"taxonomy":"product_cat","embeddable":true,"href":"https:\/\/www.makroudhkairouan.tn\/index.php\/wp-json\/wp\/v2\/product_cat?post=3395"},{"taxonomy":"product_tag","embeddable":true,"href":"https:\/\/www.makroudhkairouan.tn\/index.php\/wp-json\/wp\/v2\/product_tag?post=3395"}],"curies":[{"name":"wp","href":"https:\/\/api.w.org\/{rel}","templated":true}]}}