{"id":10991,"date":"2020-11-13T14:11:47","date_gmt":"2020-11-13T13:11:47","guid":{"rendered":"https:\/\/www.makroudhkairouan.tn\/?post_type=product&#038;p=10991"},"modified":"2022-05-14T19:58:16","modified_gmt":"2022-05-14T18:58:16","slug":"makroudh-avoine-light-four-datte-sans-sucre-choufen","status":"publish","type":"product","link":"https:\/\/www.makroudhkairouan.tn\/index.php\/produit\/makroudh-avoine-light-four-datte-sans-sucre-choufen\/","title":{"rendered":"Makroudh Avoine Light Four Datte sans sucre (Choufen)"},"content":{"rendered":"<p>Makroudh Avoine Light cuit au Four avec Datte sans sucre (Choufen)<\/p>\n","protected":false},"excerpt":{"rendered":"<p>1 KG<\/p>\n","protected":false},"featured_media":11288,"comment_status":"closed","ping_status":"closed","template":"","meta":{"spay_email":""},"product_cat":[39],"product_tag":[],"yoast_head":"<!-- This site is optimized with the Yoast SEO plugin v18.1 - https:\/\/yoast.com\/wordpress\/plugins\/seo\/ -->\n<title>Makroudh Avoine Light Four Datte sans sucre (Choufen) - Makroudh Kairouan \u00e0 Domicile<\/title>\n<meta name=\"description\" content=\"Makroudh Avoine Light cuit au Four avec Datte sans sucre (Choufen)\" \/>\n<meta name=\"robots\" content=\"index, follow, max-snippet:-1, max-image-preview:large, max-video-preview:-1\" \/>\n<link rel=\"canonical\" href=\"https:\/\/www.makroudhkairouan.tn\/index.php\/produit\/makroudh-avoine-light-four-datte-sans-sucre-choufen\/\" \/>\n<meta property=\"og:locale\" content=\"fr_FR\" \/>\n<meta property=\"og:type\" content=\"article\" \/>\n<meta property=\"og:title\" content=\"Makroudh Avoine Light Four Datte sans sucre (Choufen) - Makroudh Kairouan \u00e0 Domicile\" \/>\n<meta property=\"og:description\" content=\"Makroudh Avoine Light cuit au Four avec Datte sans sucre (Choufen)\" \/>\n<meta property=\"og:url\" content=\"https:\/\/www.makroudhkairouan.tn\/index.php\/produit\/makroudh-avoine-light-four-datte-sans-sucre-choufen\/\" \/>\n<meta property=\"og:site_name\" content=\"Makroudh Kairouan \u00e0 Domicile\" \/>\n<meta property=\"article:modified_time\" content=\"2022-05-14T18:58:16+00:00\" \/>\n<meta property=\"og:image\" content=\"https:\/\/www.makroudhkairouan.tn\/wp-content\/uploads\/2020\/11\/Choufen-hd-for-the-ad-scaled.jpg\" \/>\n\t<meta property=\"og:image:width\" content=\"2560\" \/>\n\t<meta property=\"og:image:height\" content=\"2240\" \/>\n\t<meta property=\"og:image:type\" content=\"image\/jpeg\" \/>\n<meta name=\"twitter:card\" content=\"summary_large_image\" \/>\n<script type=\"application\/ld+json\" class=\"yoast-schema-graph\">{\"@context\":\"https:\/\/schema.org\",\"@graph\":[{\"@type\":\"Organization\",\"@id\":\"https:\/\/www.makroudhkairouan.tn\/#organization\",\"name\":\"Makroudh Kairouan \u00e0 Domicile\",\"url\":\"https:\/\/www.makroudhkairouan.tn\/\",\"sameAs\":[],\"logo\":{\"@type\":\"ImageObject\",\"@id\":\"https:\/\/www.makroudhkairouan.tn\/#logo\",\"inLanguage\":\"fr-FR\",\"url\":\"https:\/\/www.makroudhkairouan.tn\/wp-content\/uploads\/2019\/05\/test2.png\",\"contentUrl\":\"https:\/\/www.makroudhkairouan.tn\/wp-content\/uploads\/2019\/05\/test2.png\",\"width\":320,\"height\":320,\"caption\":\"Makroudh Kairouan \u00e0 Domicile\"},\"image\":{\"@id\":\"https:\/\/www.makroudhkairouan.tn\/#logo\"}},{\"@type\":\"WebSite\",\"@id\":\"https:\/\/www.makroudhkairouan.tn\/#website\",\"url\":\"https:\/\/www.makroudhkairouan.tn\/\",\"name\":\"Makroudh Kairouan \u00e0 Domicile\",\"description\":\"Vente en ligne de Makroudh qualit\u00e9 de Kairouan \u00e0 Domicile en Tunisie\",\"publisher\":{\"@id\":\"https:\/\/www.makroudhkairouan.tn\/#organization\"},\"potentialAction\":[{\"@type\":\"SearchAction\",\"target\":{\"@type\":\"EntryPoint\",\"urlTemplate\":\"https:\/\/www.makroudhkairouan.tn\/?s={search_term_string}\"},\"query-input\":\"required name=search_term_string\"}],\"inLanguage\":\"fr-FR\"},{\"@type\":\"ImageObject\",\"@id\":\"https:\/\/www.makroudhkairouan.tn\/index.php\/produit\/makroudh-avoine-light-four-datte-sans-sucre-choufen\/#primaryimage\",\"inLanguage\":\"fr-FR\",\"url\":\"https:\/\/www.makroudhkairouan.tn\/wp-content\/uploads\/2020\/11\/Choufen-hd-for-the-ad-scaled.jpg\",\"contentUrl\":\"https:\/\/www.makroudhkairouan.tn\/wp-content\/uploads\/2020\/11\/Choufen-hd-for-the-ad-scaled.jpg\",\"width\":2560,\"height\":2240},{\"@type\":\"WebPage\",\"@id\":\"https:\/\/www.makroudhkairouan.tn\/index.php\/produit\/makroudh-avoine-light-four-datte-sans-sucre-choufen\/#webpage\",\"url\":\"https:\/\/www.makroudhkairouan.tn\/index.php\/produit\/makroudh-avoine-light-four-datte-sans-sucre-choufen\/\",\"name\":\"Makroudh Avoine Light Four Datte sans sucre (Choufen) - Makroudh Kairouan \u00e0 Domicile\",\"isPartOf\":{\"@id\":\"https:\/\/www.makroudhkairouan.tn\/#website\"},\"primaryImageOfPage\":{\"@id\":\"https:\/\/www.makroudhkairouan.tn\/index.php\/produit\/makroudh-avoine-light-four-datte-sans-sucre-choufen\/#primaryimage\"},\"datePublished\":\"2020-11-13T13:11:47+00:00\",\"dateModified\":\"2022-05-14T18:58:16+00:00\",\"description\":\"Makroudh Avoine Light cuit au Four avec Datte sans sucre (Choufen)\",\"breadcrumb\":{\"@id\":\"https:\/\/www.makroudhkairouan.tn\/index.php\/produit\/makroudh-avoine-light-four-datte-sans-sucre-choufen\/#breadcrumb\"},\"inLanguage\":\"fr-FR\",\"potentialAction\":[{\"@type\":\"ReadAction\",\"target\":[\"https:\/\/www.makroudhkairouan.tn\/index.php\/produit\/makroudh-avoine-light-four-datte-sans-sucre-choufen\/\"]}]},{\"@type\":\"BreadcrumbList\",\"@id\":\"https:\/\/www.makroudhkairouan.tn\/index.php\/produit\/makroudh-avoine-light-four-datte-sans-sucre-choufen\/#breadcrumb\",\"itemListElement\":[{\"@type\":\"ListItem\",\"position\":1,\"name\":\"Accueil\",\"item\":\"https:\/\/www.makroudhkairouan.tn\/\"},{\"@type\":\"ListItem\",\"position\":2,\"name\":\"La Boutique makroudh\",\"item\":\"https:\/\/www.makroudhkairouan.tn\/index.php\/boutique\/\"},{\"@type\":\"ListItem\",\"position\":3,\"name\":\"Makroudh Avoine Light Four Datte sans sucre (Choufen)\"}]}]}<\/script>\n<!-- \/ Yoast SEO plugin. -->","yoast_head_json":{"title":"Makroudh Avoine Light Four Datte sans sucre (Choufen) - Makroudh Kairouan \u00e0 Domicile","description":"Makroudh Avoine Light cuit au Four avec Datte sans sucre (Choufen)","robots":{"index":"index","follow":"follow","max-snippet":"max-snippet:-1","max-image-preview":"max-image-preview:large","max-video-preview":"max-video-preview:-1"},"canonical":"https:\/\/www.makroudhkairouan.tn\/index.php\/produit\/makroudh-avoine-light-four-datte-sans-sucre-choufen\/","og_locale":"fr_FR","og_type":"article","og_title":"Makroudh Avoine Light Four Datte sans sucre (Choufen) - Makroudh Kairouan \u00e0 Domicile","og_description":"Makroudh Avoine Light cuit au Four avec Datte sans sucre (Choufen)","og_url":"https:\/\/www.makroudhkairouan.tn\/index.php\/produit\/makroudh-avoine-light-four-datte-sans-sucre-choufen\/","og_site_name":"Makroudh Kairouan \u00e0 Domicile","article_modified_time":"2022-05-14T18:58:16+00:00","og_image":[{"width":2560,"height":2240,"url":"https:\/\/www.makroudhkairouan.tn\/wp-content\/uploads\/2020\/11\/Choufen-hd-for-the-ad-scaled.jpg","type":"image\/jpeg"}],"twitter_card":"summary_large_image","schema":{"@context":"https:\/\/schema.org","@graph":[{"@type":"Organization","@id":"https:\/\/www.makroudhkairouan.tn\/#organization","name":"Makroudh Kairouan \u00e0 Domicile","url":"https:\/\/www.makroudhkairouan.tn\/","sameAs":[],"logo":{"@type":"ImageObject","@id":"https:\/\/www.makroudhkairouan.tn\/#logo","inLanguage":"fr-FR","url":"https:\/\/www.makroudhkairouan.tn\/wp-content\/uploads\/2019\/05\/test2.png","contentUrl":"https:\/\/www.makroudhkairouan.tn\/wp-content\/uploads\/2019\/05\/test2.png","width":320,"height":320,"caption":"Makroudh Kairouan \u00e0 Domicile"},"image":{"@id":"https:\/\/www.makroudhkairouan.tn\/#logo"}},{"@type":"WebSite","@id":"https:\/\/www.makroudhkairouan.tn\/#website","url":"https:\/\/www.makroudhkairouan.tn\/","name":"Makroudh Kairouan \u00e0 Domicile","description":"Vente en ligne de Makroudh qualit\u00e9 de Kairouan \u00e0 Domicile en Tunisie","publisher":{"@id":"https:\/\/www.makroudhkairouan.tn\/#organization"},"potentialAction":[{"@type":"SearchAction","target":{"@type":"EntryPoint","urlTemplate":"https:\/\/www.makroudhkairouan.tn\/?s={search_term_string}"},"query-input":"required name=search_term_string"}],"inLanguage":"fr-FR"},{"@type":"ImageObject","@id":"https:\/\/www.makroudhkairouan.tn\/index.php\/produit\/makroudh-avoine-light-four-datte-sans-sucre-choufen\/#primaryimage","inLanguage":"fr-FR","url":"https:\/\/www.makroudhkairouan.tn\/wp-content\/uploads\/2020\/11\/Choufen-hd-for-the-ad-scaled.jpg","contentUrl":"https:\/\/www.makroudhkairouan.tn\/wp-content\/uploads\/2020\/11\/Choufen-hd-for-the-ad-scaled.jpg","width":2560,"height":2240},{"@type":"WebPage","@id":"https:\/\/www.makroudhkairouan.tn\/index.php\/produit\/makroudh-avoine-light-four-datte-sans-sucre-choufen\/#webpage","url":"https:\/\/www.makroudhkairouan.tn\/index.php\/produit\/makroudh-avoine-light-four-datte-sans-sucre-choufen\/","name":"Makroudh Avoine Light Four Datte sans sucre (Choufen) - Makroudh Kairouan \u00e0 Domicile","isPartOf":{"@id":"https:\/\/www.makroudhkairouan.tn\/#website"},"primaryImageOfPage":{"@id":"https:\/\/www.makroudhkairouan.tn\/index.php\/produit\/makroudh-avoine-light-four-datte-sans-sucre-choufen\/#primaryimage"},"datePublished":"2020-11-13T13:11:47+00:00","dateModified":"2022-05-14T18:58:16+00:00","description":"Makroudh Avoine Light cuit au Four avec Datte sans sucre (Choufen)","breadcrumb":{"@id":"https:\/\/www.makroudhkairouan.tn\/index.php\/produit\/makroudh-avoine-light-four-datte-sans-sucre-choufen\/#breadcrumb"},"inLanguage":"fr-FR","potentialAction":[{"@type":"ReadAction","target":["https:\/\/www.makroudhkairouan.tn\/index.php\/produit\/makroudh-avoine-light-four-datte-sans-sucre-choufen\/"]}]},{"@type":"BreadcrumbList","@id":"https:\/\/www.makroudhkairouan.tn\/index.php\/produit\/makroudh-avoine-light-four-datte-sans-sucre-choufen\/#breadcrumb","itemListElement":[{"@type":"ListItem","position":1,"name":"Accueil","item":"https:\/\/www.makroudhkairouan.tn\/"},{"@type":"ListItem","position":2,"name":"La Boutique makroudh","item":"https:\/\/www.makroudhkairouan.tn\/index.php\/boutique\/"},{"@type":"ListItem","position":3,"name":"Makroudh Avoine Light Four Datte sans sucre (Choufen)"}]}]}},"_links":{"self":[{"href":"https:\/\/www.makroudhkairouan.tn\/index.php\/wp-json\/wp\/v2\/product\/10991"}],"collection":[{"href":"https:\/\/www.makroudhkairouan.tn\/index.php\/wp-json\/wp\/v2\/product"}],"about":[{"href":"https:\/\/www.makroudhkairouan.tn\/index.php\/wp-json\/wp\/v2\/types\/product"}],"replies":[{"embeddable":true,"href":"https:\/\/www.makroudhkairouan.tn\/index.php\/wp-json\/wp\/v2\/comments?post=10991"}],"wp:featuredmedia":[{"embeddable":true,"href":"https:\/\/www.makroudhkairouan.tn\/index.php\/wp-json\/wp\/v2\/media\/11288"}],"wp:attachment":[{"href":"https:\/\/www.makroudhkairouan.tn\/index.php\/wp-json\/wp\/v2\/media?parent=10991"}],"wp:term":[{"taxonomy":"product_cat","embeddable":true,"href":"https:\/\/www.makroudhkairouan.tn\/index.php\/wp-json\/wp\/v2\/product_cat?post=10991"},{"taxonomy":"product_tag","embeddable":true,"href":"https:\/\/www.makroudhkairouan.tn\/index.php\/wp-json\/wp\/v2\/product_tag?post=10991"}],"curies":[{"name":"wp","href":"https:\/\/api.w.org\/{rel}","templated":true}]}}