{"id":10820,"date":"2020-06-03T23:03:49","date_gmt":"2020-06-03T22:03:49","guid":{"rendered":"https:\/\/www.makroudhkairouan.tn\/?post_type=product&#038;p=10820"},"modified":"2023-12-07T00:23:41","modified_gmt":"2023-12-06T23:23:41","slug":"makroudh-diari-mariage-datte-pistache-noisette","status":"publish","type":"product","link":"https:\/\/www.makroudhkairouan.tn\/index.php\/produit\/makroudh-diari-mariage-datte-pistache-noisette\/","title":{"rendered":"Makroudh Diari Mariage Datte Pistache Noisette"},"content":{"rendered":"<p>Makroudh Diari Mariage Pistache Noisette avec huile d&rsquo;olive sman et Datte \u00e0 l&rsquo;interieur<\/p>\n","protected":false},"excerpt":{"rendered":"<p>1 KG<\/p>\n","protected":false},"featured_media":10821,"comment_status":"closed","ping_status":"closed","template":"","meta":{"spay_email":""},"product_cat":[39],"product_tag":[],"yoast_head":"<!-- This site is optimized with the Yoast SEO plugin v18.1 - https:\/\/yoast.com\/wordpress\/plugins\/seo\/ -->\n<title>Makroudh Diari Mariage Datte Pistache Noisette - Makroudh Kairouan \u00e0 Domicile<\/title>\n<meta name=\"description\" content=\"Makroudh Diari Mariage Pistache Noisette avec huile d&#039;olive sman\" \/>\n<meta name=\"robots\" content=\"index, follow, max-snippet:-1, max-image-preview:large, max-video-preview:-1\" \/>\n<link rel=\"canonical\" href=\"https:\/\/www.makroudhkairouan.tn\/index.php\/produit\/makroudh-diari-mariage-datte-pistache-noisette\/\" \/>\n<meta property=\"og:locale\" content=\"fr_FR\" \/>\n<meta property=\"og:type\" content=\"article\" \/>\n<meta property=\"og:title\" content=\"Makroudh Diari Mariage Datte Pistache Noisette - Makroudh Kairouan \u00e0 Domicile\" \/>\n<meta property=\"og:description\" content=\"Makroudh Diari Mariage Pistache Noisette avec huile d&#039;olive sman\" \/>\n<meta property=\"og:url\" content=\"https:\/\/www.makroudhkairouan.tn\/index.php\/produit\/makroudh-diari-mariage-datte-pistache-noisette\/\" \/>\n<meta property=\"og:site_name\" content=\"Makroudh Kairouan \u00e0 Domicile\" \/>\n<meta property=\"article:modified_time\" content=\"2023-12-06T23:23:41+00:00\" \/>\n<meta property=\"og:image\" content=\"https:\/\/www.makroudhkairouan.tn\/wp-content\/uploads\/2020\/06\/diari-afrah-noisette-et-pistache.jpg\" \/>\n\t<meta property=\"og:image:width\" content=\"328\" \/>\n\t<meta property=\"og:image:height\" content=\"437\" \/>\n\t<meta property=\"og:image:type\" content=\"image\/jpeg\" \/>\n<meta name=\"twitter:card\" content=\"summary_large_image\" \/>\n<script type=\"application\/ld+json\" class=\"yoast-schema-graph\">{\"@context\":\"https:\/\/schema.org\",\"@graph\":[{\"@type\":\"Organization\",\"@id\":\"https:\/\/www.makroudhkairouan.tn\/#organization\",\"name\":\"Makroudh Kairouan \u00e0 Domicile\",\"url\":\"https:\/\/www.makroudhkairouan.tn\/\",\"sameAs\":[],\"logo\":{\"@type\":\"ImageObject\",\"@id\":\"https:\/\/www.makroudhkairouan.tn\/#logo\",\"inLanguage\":\"fr-FR\",\"url\":\"https:\/\/www.makroudhkairouan.tn\/wp-content\/uploads\/2019\/05\/test2.png\",\"contentUrl\":\"https:\/\/www.makroudhkairouan.tn\/wp-content\/uploads\/2019\/05\/test2.png\",\"width\":320,\"height\":320,\"caption\":\"Makroudh Kairouan \u00e0 Domicile\"},\"image\":{\"@id\":\"https:\/\/www.makroudhkairouan.tn\/#logo\"}},{\"@type\":\"WebSite\",\"@id\":\"https:\/\/www.makroudhkairouan.tn\/#website\",\"url\":\"https:\/\/www.makroudhkairouan.tn\/\",\"name\":\"Makroudh Kairouan \u00e0 Domicile\",\"description\":\"Vente en ligne de Makroudh qualit\u00e9 de Kairouan \u00e0 Domicile en Tunisie\",\"publisher\":{\"@id\":\"https:\/\/www.makroudhkairouan.tn\/#organization\"},\"potentialAction\":[{\"@type\":\"SearchAction\",\"target\":{\"@type\":\"EntryPoint\",\"urlTemplate\":\"https:\/\/www.makroudhkairouan.tn\/?s={search_term_string}\"},\"query-input\":\"required name=search_term_string\"}],\"inLanguage\":\"fr-FR\"},{\"@type\":\"ImageObject\",\"@id\":\"https:\/\/www.makroudhkairouan.tn\/index.php\/produit\/makroudh-diari-mariage-datte-pistache-noisette\/#primaryimage\",\"inLanguage\":\"fr-FR\",\"url\":\"https:\/\/www.makroudhkairouan.tn\/wp-content\/uploads\/2020\/06\/diari-afrah-noisette-et-pistache.jpg\",\"contentUrl\":\"https:\/\/www.makroudhkairouan.tn\/wp-content\/uploads\/2020\/06\/diari-afrah-noisette-et-pistache.jpg\",\"width\":328,\"height\":437,\"caption\":\"Makroudh Mariage interieur Datte\"},{\"@type\":\"WebPage\",\"@id\":\"https:\/\/www.makroudhkairouan.tn\/index.php\/produit\/makroudh-diari-mariage-datte-pistache-noisette\/#webpage\",\"url\":\"https:\/\/www.makroudhkairouan.tn\/index.php\/produit\/makroudh-diari-mariage-datte-pistache-noisette\/\",\"name\":\"Makroudh Diari Mariage Datte Pistache Noisette - Makroudh Kairouan \u00e0 Domicile\",\"isPartOf\":{\"@id\":\"https:\/\/www.makroudhkairouan.tn\/#website\"},\"primaryImageOfPage\":{\"@id\":\"https:\/\/www.makroudhkairouan.tn\/index.php\/produit\/makroudh-diari-mariage-datte-pistache-noisette\/#primaryimage\"},\"datePublished\":\"2020-06-03T22:03:49+00:00\",\"dateModified\":\"2023-12-06T23:23:41+00:00\",\"description\":\"Makroudh Diari Mariage Pistache Noisette avec huile d'olive sman\",\"breadcrumb\":{\"@id\":\"https:\/\/www.makroudhkairouan.tn\/index.php\/produit\/makroudh-diari-mariage-datte-pistache-noisette\/#breadcrumb\"},\"inLanguage\":\"fr-FR\",\"potentialAction\":[{\"@type\":\"ReadAction\",\"target\":[\"https:\/\/www.makroudhkairouan.tn\/index.php\/produit\/makroudh-diari-mariage-datte-pistache-noisette\/\"]}]},{\"@type\":\"BreadcrumbList\",\"@id\":\"https:\/\/www.makroudhkairouan.tn\/index.php\/produit\/makroudh-diari-mariage-datte-pistache-noisette\/#breadcrumb\",\"itemListElement\":[{\"@type\":\"ListItem\",\"position\":1,\"name\":\"Accueil\",\"item\":\"https:\/\/www.makroudhkairouan.tn\/\"},{\"@type\":\"ListItem\",\"position\":2,\"name\":\"La Boutique makroudh\",\"item\":\"https:\/\/www.makroudhkairouan.tn\/index.php\/boutique\/\"},{\"@type\":\"ListItem\",\"position\":3,\"name\":\"Makroudh Diari Mariage Datte Pistache Noisette\"}]}]}<\/script>\n<!-- \/ Yoast SEO plugin. -->","yoast_head_json":{"title":"Makroudh Diari Mariage Datte Pistache Noisette - Makroudh Kairouan \u00e0 Domicile","description":"Makroudh Diari Mariage Pistache Noisette avec huile d'olive sman","robots":{"index":"index","follow":"follow","max-snippet":"max-snippet:-1","max-image-preview":"max-image-preview:large","max-video-preview":"max-video-preview:-1"},"canonical":"https:\/\/www.makroudhkairouan.tn\/index.php\/produit\/makroudh-diari-mariage-datte-pistache-noisette\/","og_locale":"fr_FR","og_type":"article","og_title":"Makroudh Diari Mariage Datte Pistache Noisette - Makroudh Kairouan \u00e0 Domicile","og_description":"Makroudh Diari Mariage Pistache Noisette avec huile d'olive sman","og_url":"https:\/\/www.makroudhkairouan.tn\/index.php\/produit\/makroudh-diari-mariage-datte-pistache-noisette\/","og_site_name":"Makroudh Kairouan \u00e0 Domicile","article_modified_time":"2023-12-06T23:23:41+00:00","og_image":[{"width":328,"height":437,"url":"https:\/\/www.makroudhkairouan.tn\/wp-content\/uploads\/2020\/06\/diari-afrah-noisette-et-pistache.jpg","type":"image\/jpeg"}],"twitter_card":"summary_large_image","schema":{"@context":"https:\/\/schema.org","@graph":[{"@type":"Organization","@id":"https:\/\/www.makroudhkairouan.tn\/#organization","name":"Makroudh Kairouan \u00e0 Domicile","url":"https:\/\/www.makroudhkairouan.tn\/","sameAs":[],"logo":{"@type":"ImageObject","@id":"https:\/\/www.makroudhkairouan.tn\/#logo","inLanguage":"fr-FR","url":"https:\/\/www.makroudhkairouan.tn\/wp-content\/uploads\/2019\/05\/test2.png","contentUrl":"https:\/\/www.makroudhkairouan.tn\/wp-content\/uploads\/2019\/05\/test2.png","width":320,"height":320,"caption":"Makroudh Kairouan \u00e0 Domicile"},"image":{"@id":"https:\/\/www.makroudhkairouan.tn\/#logo"}},{"@type":"WebSite","@id":"https:\/\/www.makroudhkairouan.tn\/#website","url":"https:\/\/www.makroudhkairouan.tn\/","name":"Makroudh Kairouan \u00e0 Domicile","description":"Vente en ligne de Makroudh qualit\u00e9 de Kairouan \u00e0 Domicile en Tunisie","publisher":{"@id":"https:\/\/www.makroudhkairouan.tn\/#organization"},"potentialAction":[{"@type":"SearchAction","target":{"@type":"EntryPoint","urlTemplate":"https:\/\/www.makroudhkairouan.tn\/?s={search_term_string}"},"query-input":"required name=search_term_string"}],"inLanguage":"fr-FR"},{"@type":"ImageObject","@id":"https:\/\/www.makroudhkairouan.tn\/index.php\/produit\/makroudh-diari-mariage-datte-pistache-noisette\/#primaryimage","inLanguage":"fr-FR","url":"https:\/\/www.makroudhkairouan.tn\/wp-content\/uploads\/2020\/06\/diari-afrah-noisette-et-pistache.jpg","contentUrl":"https:\/\/www.makroudhkairouan.tn\/wp-content\/uploads\/2020\/06\/diari-afrah-noisette-et-pistache.jpg","width":328,"height":437,"caption":"Makroudh Mariage interieur Datte"},{"@type":"WebPage","@id":"https:\/\/www.makroudhkairouan.tn\/index.php\/produit\/makroudh-diari-mariage-datte-pistache-noisette\/#webpage","url":"https:\/\/www.makroudhkairouan.tn\/index.php\/produit\/makroudh-diari-mariage-datte-pistache-noisette\/","name":"Makroudh Diari Mariage Datte Pistache Noisette - Makroudh Kairouan \u00e0 Domicile","isPartOf":{"@id":"https:\/\/www.makroudhkairouan.tn\/#website"},"primaryImageOfPage":{"@id":"https:\/\/www.makroudhkairouan.tn\/index.php\/produit\/makroudh-diari-mariage-datte-pistache-noisette\/#primaryimage"},"datePublished":"2020-06-03T22:03:49+00:00","dateModified":"2023-12-06T23:23:41+00:00","description":"Makroudh Diari Mariage Pistache Noisette avec huile d'olive sman","breadcrumb":{"@id":"https:\/\/www.makroudhkairouan.tn\/index.php\/produit\/makroudh-diari-mariage-datte-pistache-noisette\/#breadcrumb"},"inLanguage":"fr-FR","potentialAction":[{"@type":"ReadAction","target":["https:\/\/www.makroudhkairouan.tn\/index.php\/produit\/makroudh-diari-mariage-datte-pistache-noisette\/"]}]},{"@type":"BreadcrumbList","@id":"https:\/\/www.makroudhkairouan.tn\/index.php\/produit\/makroudh-diari-mariage-datte-pistache-noisette\/#breadcrumb","itemListElement":[{"@type":"ListItem","position":1,"name":"Accueil","item":"https:\/\/www.makroudhkairouan.tn\/"},{"@type":"ListItem","position":2,"name":"La Boutique makroudh","item":"https:\/\/www.makroudhkairouan.tn\/index.php\/boutique\/"},{"@type":"ListItem","position":3,"name":"Makroudh Diari Mariage Datte Pistache Noisette"}]}]}},"_links":{"self":[{"href":"https:\/\/www.makroudhkairouan.tn\/index.php\/wp-json\/wp\/v2\/product\/10820"}],"collection":[{"href":"https:\/\/www.makroudhkairouan.tn\/index.php\/wp-json\/wp\/v2\/product"}],"about":[{"href":"https:\/\/www.makroudhkairouan.tn\/index.php\/wp-json\/wp\/v2\/types\/product"}],"replies":[{"embeddable":true,"href":"https:\/\/www.makroudhkairouan.tn\/index.php\/wp-json\/wp\/v2\/comments?post=10820"}],"wp:featuredmedia":[{"embeddable":true,"href":"https:\/\/www.makroudhkairouan.tn\/index.php\/wp-json\/wp\/v2\/media\/10821"}],"wp:attachment":[{"href":"https:\/\/www.makroudhkairouan.tn\/index.php\/wp-json\/wp\/v2\/media?parent=10820"}],"wp:term":[{"taxonomy":"product_cat","embeddable":true,"href":"https:\/\/www.makroudhkairouan.tn\/index.php\/wp-json\/wp\/v2\/product_cat?post=10820"},{"taxonomy":"product_tag","embeddable":true,"href":"https:\/\/www.makroudhkairouan.tn\/index.php\/wp-json\/wp\/v2\/product_tag?post=10820"}],"curies":[{"name":"wp","href":"https:\/\/api.w.org\/{rel}","templated":true}]}}