{"id":723,"date":"2018-03-26T09:44:23","date_gmt":"2018-03-26T09:44:23","guid":{"rendered":"https:\/\/demo.themegrill.com\/estore\/?page_id=687"},"modified":"2019-05-19T15:46:45","modified_gmt":"2019-05-19T14:46:45","slug":"contact","status":"publish","type":"page","link":"https:\/\/www.makroudhkairouan.tn\/index.php\/contact\/","title":{"rendered":"Contact"},"content":{"rendered":"\n<h4><div class=\"everest-forms\"><div class=\"evf-container default\" id=\"evf-56\"><form id=\"evf-form-56\" class=\"everest-form\" data-formid=\"56\" data-ajax_submission=\"0\" method=\"post\" enctype=\"multipart\/form-data\" action=\"\/index.php\/wp-json\/wp\/v2\/pages\/723\"><div class=\"evf-field-container\"><input type=\"hidden\" id=\"_wpnonce56\" name=\"_wpnonce56\" value=\"2bbffd3351\" \/><input type=\"hidden\" name=\"_wp_http_referer\" value=\"\/index.php\/wp-json\/wp\/v2\/pages\/723\" \/><div class=\"evf-frontend-row\" data-row=\"row_1\"><div class=\"evf-frontend-grid evf-grid-1\" data-grid=\"grid_1\"><div id=\"evf-56-field_fullname-container\" class=\"evf-field evf-field-text form-row validate-required\" data-required-field-message=\"This field is required.\" data-field-id=\"fullname\"><label class=\"evf-field-label\" for=\"evf-56-field_fullname\"><span class=\"evf-label\">Nom<\/span> <abbr class=\"required\" title=\"N\u00e9cessaire\">*<\/abbr><\/label><input type=\"text\" id=\"evf-56-field_fullname\" class=\"input-text\" name=\"everest_forms[form_fields][fullname]\" required><\/div><div id=\"evf-56-field_email-container\" class=\"evf-field evf-field-email form-row validate-required validate-email\" data-required-field-message=\"Please enter a valid email address.\" data-field-id=\"email\"><label class=\"evf-field-label\" for=\"evf-56-field_email\"><span class=\"evf-label\">Email<\/span> <abbr class=\"required\" title=\"N\u00e9cessaire\">*<\/abbr><\/label><input type=\"email\" id=\"evf-56-field_email\" class=\"input-text\" name=\"everest_forms[form_fields][email]\" required><\/div><div id=\"evf-56-field_AkLYceYuP4-1-container\" class=\"evf-field evf-field-number form-row\" data-field-id=\"AkLYceYuP4-1\"><label class=\"evf-field-label\" for=\"evf-56-field_AkLYceYuP4-1\"><span class=\"evf-label\">Num\u00e9ro de t\u00e9l\u00e9phone<\/span> <\/label><input type=\"number\" id=\"evf-56-field_AkLYceYuP4-1\" class=\"input-text\" name=\"everest_forms[form_fields][AkLYceYuP4-1]\"  \/><\/div><div id=\"evf-56-field_subject-container\" class=\"evf-field evf-field-text form-row validate-required\" data-required-field-message=\"This field is required.\" data-field-id=\"subject\"><label class=\"evf-field-label\" for=\"evf-56-field_subject\"><span class=\"evf-label\">Sujet<\/span> <abbr class=\"required\" title=\"N\u00e9cessaire\">*<\/abbr><\/label><input type=\"text\" id=\"evf-56-field_subject\" class=\"input-text\" name=\"everest_forms[form_fields][subject]\" required><\/div><div id=\"evf-56-field_message-container\" class=\"evf-field evf-field-textarea form-row\" data-field-id=\"message\"><label class=\"evf-field-label\" for=\"evf-56-field_message\"><span class=\"evf-label\">Message<\/span> <\/label><textarea id=\"evf-56-field_message\" class=\"input-text\" name=\"everest_forms[form_fields][message]\" ><\/textarea><\/div><\/div><\/div><\/div><div class=\"evf-submit-container \" ><input type=\"hidden\" name=\"everest_forms[id]\" value=\"56\"><input type=\"hidden\" name=\"everest_forms[author]\" value=\"1\"><button type='submit' name='everest_forms[submit]' class='everest-forms-submit-button button evf-submit ' id='evf-submit-56' value='evf-submit' data-process-text=\"En traitement\u2026\" conditional_rules='&quot;&quot;' conditional_id='evf-submit-56' style=\"display:block\" id=\"evf-submit-56\" aria-live=\"assertive\">Envoyer <\/button><\/div><\/form><\/div><!-- .evf-container --><\/div><\/h4>\n","protected":false},"excerpt":{"rendered":"","protected":false},"author":1,"featured_media":0,"parent":0,"menu_order":0,"comment_status":"closed","ping_status":"closed","template":"template-contact.php","meta":{"spay_email":""},"yoast_head":"<!-- This site is optimized with the Yoast SEO plugin v18.1 - https:\/\/yoast.com\/wordpress\/plugins\/seo\/ -->\n<title>Contact - Makroudh Kairouan \u00e0 Domicile<\/title>\n<meta name=\"description\" content=\"La page de contact de makroudh kairouan \u00e0 domicile juste remplir le formulaire et on vous appelle tr\u00e8s prochainement.\" \/>\n<meta name=\"robots\" content=\"index, follow, max-snippet:-1, max-image-preview:large, max-video-preview:-1\" \/>\n<link rel=\"canonical\" href=\"https:\/\/www.makroudhkairouan.tn\/index.php\/contact\/\" \/>\n<meta property=\"og:locale\" content=\"fr_FR\" \/>\n<meta property=\"og:type\" content=\"article\" \/>\n<meta property=\"og:title\" content=\"Contact - Makroudh Kairouan \u00e0 Domicile\" \/>\n<meta property=\"og:description\" content=\"La page de contact de makroudh kairouan \u00e0 domicile juste remplir le formulaire et on vous appelle tr\u00e8s prochainement.\" \/>\n<meta property=\"og:url\" content=\"https:\/\/www.makroudhkairouan.tn\/index.php\/contact\/\" \/>\n<meta property=\"og:site_name\" content=\"Makroudh Kairouan \u00e0 Domicile\" \/>\n<meta property=\"article:modified_time\" content=\"2019-05-19T14:46:45+00:00\" \/>\n<meta name=\"twitter:card\" content=\"summary_large_image\" \/>\n<script type=\"application\/ld+json\" class=\"yoast-schema-graph\">{\"@context\":\"https:\/\/schema.org\",\"@graph\":[{\"@type\":\"Organization\",\"@id\":\"https:\/\/www.makroudhkairouan.tn\/#organization\",\"name\":\"Makroudh Kairouan \u00e0 Domicile\",\"url\":\"https:\/\/www.makroudhkairouan.tn\/\",\"sameAs\":[],\"logo\":{\"@type\":\"ImageObject\",\"@id\":\"https:\/\/www.makroudhkairouan.tn\/#logo\",\"inLanguage\":\"fr-FR\",\"url\":\"https:\/\/www.makroudhkairouan.tn\/wp-content\/uploads\/2019\/05\/test2.png\",\"contentUrl\":\"https:\/\/www.makroudhkairouan.tn\/wp-content\/uploads\/2019\/05\/test2.png\",\"width\":320,\"height\":320,\"caption\":\"Makroudh Kairouan \u00e0 Domicile\"},\"image\":{\"@id\":\"https:\/\/www.makroudhkairouan.tn\/#logo\"}},{\"@type\":\"WebSite\",\"@id\":\"https:\/\/www.makroudhkairouan.tn\/#website\",\"url\":\"https:\/\/www.makroudhkairouan.tn\/\",\"name\":\"Makroudh Kairouan \u00e0 Domicile\",\"description\":\"Vente en ligne de Makroudh qualit\u00e9 de Kairouan \u00e0 Domicile en Tunisie\",\"publisher\":{\"@id\":\"https:\/\/www.makroudhkairouan.tn\/#organization\"},\"potentialAction\":[{\"@type\":\"SearchAction\",\"target\":{\"@type\":\"EntryPoint\",\"urlTemplate\":\"https:\/\/www.makroudhkairouan.tn\/?s={search_term_string}\"},\"query-input\":\"required name=search_term_string\"}],\"inLanguage\":\"fr-FR\"},{\"@type\":\"WebPage\",\"@id\":\"https:\/\/www.makroudhkairouan.tn\/index.php\/contact\/#webpage\",\"url\":\"https:\/\/www.makroudhkairouan.tn\/index.php\/contact\/\",\"name\":\"Contact - Makroudh Kairouan \u00e0 Domicile\",\"isPartOf\":{\"@id\":\"https:\/\/www.makroudhkairouan.tn\/#website\"},\"datePublished\":\"2018-03-26T09:44:23+00:00\",\"dateModified\":\"2019-05-19T14:46:45+00:00\",\"description\":\"La page de contact de makroudh kairouan \u00e0 domicile juste remplir le formulaire et on vous appelle tr\u00e8s prochainement.\",\"breadcrumb\":{\"@id\":\"https:\/\/www.makroudhkairouan.tn\/index.php\/contact\/#breadcrumb\"},\"inLanguage\":\"fr-FR\",\"potentialAction\":[{\"@type\":\"ReadAction\",\"target\":[\"https:\/\/www.makroudhkairouan.tn\/index.php\/contact\/\"]}]},{\"@type\":\"BreadcrumbList\",\"@id\":\"https:\/\/www.makroudhkairouan.tn\/index.php\/contact\/#breadcrumb\",\"itemListElement\":[{\"@type\":\"ListItem\",\"position\":1,\"name\":\"Accueil\",\"item\":\"https:\/\/www.makroudhkairouan.tn\/\"},{\"@type\":\"ListItem\",\"position\":2,\"name\":\"Contact\"}]}]}<\/script>\n<!-- \/ Yoast SEO plugin. -->","yoast_head_json":{"title":"Contact - Makroudh Kairouan \u00e0 Domicile","description":"La page de contact de makroudh kairouan \u00e0 domicile juste remplir le formulaire et on vous appelle tr\u00e8s prochainement.","robots":{"index":"index","follow":"follow","max-snippet":"max-snippet:-1","max-image-preview":"max-image-preview:large","max-video-preview":"max-video-preview:-1"},"canonical":"https:\/\/www.makroudhkairouan.tn\/index.php\/contact\/","og_locale":"fr_FR","og_type":"article","og_title":"Contact - Makroudh Kairouan \u00e0 Domicile","og_description":"La page de contact de makroudh kairouan \u00e0 domicile juste remplir le formulaire et on vous appelle tr\u00e8s prochainement.","og_url":"https:\/\/www.makroudhkairouan.tn\/index.php\/contact\/","og_site_name":"Makroudh Kairouan \u00e0 Domicile","article_modified_time":"2019-05-19T14:46:45+00:00","twitter_card":"summary_large_image","schema":{"@context":"https:\/\/schema.org","@graph":[{"@type":"Organization","@id":"https:\/\/www.makroudhkairouan.tn\/#organization","name":"Makroudh Kairouan \u00e0 Domicile","url":"https:\/\/www.makroudhkairouan.tn\/","sameAs":[],"logo":{"@type":"ImageObject","@id":"https:\/\/www.makroudhkairouan.tn\/#logo","inLanguage":"fr-FR","url":"https:\/\/www.makroudhkairouan.tn\/wp-content\/uploads\/2019\/05\/test2.png","contentUrl":"https:\/\/www.makroudhkairouan.tn\/wp-content\/uploads\/2019\/05\/test2.png","width":320,"height":320,"caption":"Makroudh Kairouan \u00e0 Domicile"},"image":{"@id":"https:\/\/www.makroudhkairouan.tn\/#logo"}},{"@type":"WebSite","@id":"https:\/\/www.makroudhkairouan.tn\/#website","url":"https:\/\/www.makroudhkairouan.tn\/","name":"Makroudh Kairouan \u00e0 Domicile","description":"Vente en ligne de Makroudh qualit\u00e9 de Kairouan \u00e0 Domicile en Tunisie","publisher":{"@id":"https:\/\/www.makroudhkairouan.tn\/#organization"},"potentialAction":[{"@type":"SearchAction","target":{"@type":"EntryPoint","urlTemplate":"https:\/\/www.makroudhkairouan.tn\/?s={search_term_string}"},"query-input":"required name=search_term_string"}],"inLanguage":"fr-FR"},{"@type":"WebPage","@id":"https:\/\/www.makroudhkairouan.tn\/index.php\/contact\/#webpage","url":"https:\/\/www.makroudhkairouan.tn\/index.php\/contact\/","name":"Contact - Makroudh Kairouan \u00e0 Domicile","isPartOf":{"@id":"https:\/\/www.makroudhkairouan.tn\/#website"},"datePublished":"2018-03-26T09:44:23+00:00","dateModified":"2019-05-19T14:46:45+00:00","description":"La page de contact de makroudh kairouan \u00e0 domicile juste remplir le formulaire et on vous appelle tr\u00e8s prochainement.","breadcrumb":{"@id":"https:\/\/www.makroudhkairouan.tn\/index.php\/contact\/#breadcrumb"},"inLanguage":"fr-FR","potentialAction":[{"@type":"ReadAction","target":["https:\/\/www.makroudhkairouan.tn\/index.php\/contact\/"]}]},{"@type":"BreadcrumbList","@id":"https:\/\/www.makroudhkairouan.tn\/index.php\/contact\/#breadcrumb","itemListElement":[{"@type":"ListItem","position":1,"name":"Accueil","item":"https:\/\/www.makroudhkairouan.tn\/"},{"@type":"ListItem","position":2,"name":"Contact"}]}]}},"_links":{"self":[{"href":"https:\/\/www.makroudhkairouan.tn\/index.php\/wp-json\/wp\/v2\/pages\/723"}],"collection":[{"href":"https:\/\/www.makroudhkairouan.tn\/index.php\/wp-json\/wp\/v2\/pages"}],"about":[{"href":"https:\/\/www.makroudhkairouan.tn\/index.php\/wp-json\/wp\/v2\/types\/page"}],"author":[{"embeddable":true,"href":"https:\/\/www.makroudhkairouan.tn\/index.php\/wp-json\/wp\/v2\/users\/1"}],"replies":[{"embeddable":true,"href":"https:\/\/www.makroudhkairouan.tn\/index.php\/wp-json\/wp\/v2\/comments?post=723"}],"version-history":[{"count":4,"href":"https:\/\/www.makroudhkairouan.tn\/index.php\/wp-json\/wp\/v2\/pages\/723\/revisions"}],"predecessor-version":[{"id":802,"href":"https:\/\/www.makroudhkairouan.tn\/index.php\/wp-json\/wp\/v2\/pages\/723\/revisions\/802"}],"wp:attachment":[{"href":"https:\/\/www.makroudhkairouan.tn\/index.php\/wp-json\/wp\/v2\/media?parent=723"}],"curies":[{"name":"wp","href":"https:\/\/api.w.org\/{rel}","templated":true}]}}